{"id":11,"date":"2018-03-27T13:58:10","date_gmt":"2018-03-27T13:58:10","guid":{"rendered":"https:\/\/weinhausweis.de\/?page_id=11"},"modified":"2026-04-23T06:42:10","modified_gmt":"2026-04-23T06:42:10","slug":"ein-startseiten-abschnitt","status":"publish","type":"page","link":"https:\/\/weinhausweis.de\/","title":{"rendered":"Herzlich Willkommen !"},"content":{"rendered":"<h1><strong><img loading=\"lazy\" decoding=\"async\" class=\"alignnone size-medium wp-image-43\" src=\"https:\/\/weinhausweis.de\/wp-content\/uploads\/2018\/03\/DSC00591.b-252x300.jpg\" alt=\"\" width=\"252\" height=\"300\" srcset=\"https:\/\/weinhausweis.de\/wp-content\/uploads\/2018\/03\/DSC00591.b-252x300.jpg 252w, https:\/\/weinhausweis.de\/wp-content\/uploads\/2018\/03\/DSC00591.b-768x914.jpg 768w, https:\/\/weinhausweis.de\/wp-content\/uploads\/2018\/03\/DSC00591.b-861x1024.jpg 861w\" sizes=\"auto, (max-width: 252px) 100vw, 252px\" \/><\/strong><\/h1>\n<h1><strong>Liebe G\u00e4ste!<\/strong><\/h1>\n<p>Wir freuen uns, Sie im \u00e4ltesten Weinlokal von Worms<br \/>\nbegr\u00fc\u00dfen zu d\u00fcrfen. Bodenst\u00e4ndig und traditionell, was<br \/>\nSpeisen und Getr\u00e4nke anbelangt, bunt und tolerant, was<br \/>\nunser Publikum angeht &#8211; so k\u00f6nnte man<br \/>\nzusammenfassend unser Haus bezeichnen. Falls das<br \/>\nIhren Geschmack trifft, werden Sie sich sicherlich bei uns<br \/>\nwohl f\u00fchlen.<\/p>\n<p>Um sicher zu gehen, dass wir Ihnen einen Platz anbieten<br \/>\nk\u00f6nnen, ist eine vorherige Reservierung per Mail oder<br \/>\ntelefonisch hilfreich.<\/p>\n<p>Genie\u00dfen Sie nun Ihren Aufenthalt bei uns, und lassen<br \/>\nSie die Seele ein bisschen baumeln&#8230;<\/p>\n<p><strong>Ihre Familie Vogel und Team!<\/strong><\/p>\n<p>info@weinhausweis.de<br \/>\n06241 23500<\/p>\n<p><strong>Aktuelle Informationen:<\/strong><\/p>\n<div dir=\"auto\">\n<p>Unser Lokal ist an folgenden Terminen geschlossen:<\/p>\n<div dir=\"auto\">02.05.2026<\/div>\n<div dir=\"auto\">11.05.2026 bis 18.05.2026<\/div>\n<div dir=\"auto\">04.06.2026 bis 08.06.2026<\/div>\n<\/div>\n<div dir=\"auto\"><\/div>\n<div dir=\"auto\">Sch\u00f6ne Tage\u00a0w\u00fcnscht Ihnen<\/div>\n<div dir=\"auto\">Fam. Vogel samt Team<\/div>\n<p>Unser <strong>Hotel<\/strong> ist bis auf weiteres geschlossen.<\/p>\n<div><\/div>\n<h2><\/h2>\n","protected":false},"excerpt":{"rendered":"<p>Liebe G\u00e4ste! Wir freuen uns, Sie im \u00e4ltesten Weinlokal von Worms begr\u00fc\u00dfen zu d\u00fcrfen. Bodenst\u00e4ndig und traditionell, was Speisen und Getr\u00e4nke anbelangt, bunt und tolerant, was unser Publikum angeht &#8211; so k\u00f6nnte man zusammenfassend unser Haus bezeichnen. Falls das Ihren Geschmack trifft, werden Sie sich sicherlich bei uns wohl f\u00fchlen. Um sicher zu gehen, dass &hellip; <\/p>\n<p class=\"link-more\"><a href=\"https:\/\/weinhausweis.de\/\" class=\"more-link\"><span class=\"screen-reader-text\">\u201eHerzlich Willkommen !\u201c <\/span>weiterlesen<\/a><\/p>\n","protected":false},"author":1,"featured_media":0,"parent":0,"menu_order":0,"comment_status":"closed","ping_status":"closed","template":"","meta":{"footnotes":""},"class_list":["post-11","page","type-page","status-publish","hentry"],"_links":{"self":[{"href":"https:\/\/weinhausweis.de\/index.php?rest_route=\/wp\/v2\/pages\/11","targetHints":{"allow":["GET"]}}],"collection":[{"href":"https:\/\/weinhausweis.de\/index.php?rest_route=\/wp\/v2\/pages"}],"about":[{"href":"https:\/\/weinhausweis.de\/index.php?rest_route=\/wp\/v2\/types\/page"}],"author":[{"embeddable":true,"href":"https:\/\/weinhausweis.de\/index.php?rest_route=\/wp\/v2\/users\/1"}],"replies":[{"embeddable":true,"href":"https:\/\/weinhausweis.de\/index.php?rest_route=%2Fwp%2Fv2%2Fcomments&post=11"}],"version-history":[{"count":84,"href":"https:\/\/weinhausweis.de\/index.php?rest_route=\/wp\/v2\/pages\/11\/revisions"}],"predecessor-version":[{"id":264,"href":"https:\/\/weinhausweis.de\/index.php?rest_route=\/wp\/v2\/pages\/11\/revisions\/264"}],"wp:attachment":[{"href":"https:\/\/weinhausweis.de\/index.php?rest_route=%2Fwp%2Fv2%2Fmedia&parent=11"}],"curies":[{"name":"wp","href":"https:\/\/api.w.org\/{rel}","templated":true}]}}