{"id":15,"date":"2018-03-27T13:58:10","date_gmt":"2018-03-27T13:58:10","guid":{"rendered":"https:\/\/weinhausweis.de\/?page_id=15"},"modified":"2018-03-28T07:55:50","modified_gmt":"2018-03-28T07:55:50","slug":"weinstube","status":"publish","type":"page","link":"https:\/\/weinhausweis.de\/?page_id=15","title":{"rendered":"Weinstube"},"content":{"rendered":"<p>So leer wie auf dem Bild ist es selten.<br \/>\nGerne reservieren wir Ihnen ein Pl\u00e4tzchen unter 06241 23500.<\/p>\n<h2 id=\"tablepress-1-name\" class=\"tablepress-table-name tablepress-table-name-id-1\">Ein Auszug aus unserer Speisekarte<\/h2>\n\n<table id=\"tablepress-1\" class=\"tablepress tablepress-id-1\" aria-labelledby=\"tablepress-1-name\" aria-describedby=\"tablepress-1-description\">\n<tbody class=\"row-hover\">\n<tr class=\"row-1\">\n\t<td class=\"column-1\">Portion Hausmacher Wurst mit Brot<\/td><td class=\"column-2\">Portion Hausmacher Worscht<\/td><td class=\"column-3\">EUR 6,90<\/td>\n<\/tr>\n<tr class=\"row-2\">\n\t<td class=\"column-1\">Portion Handk\u00e4se mit Musik<\/td><td class=\"column-2\">zw\u00e4\u00e4 musikalische Kees uff \u00e4\u00e4m Deller <\/td><td class=\"column-3\">EUR 7,40<\/td>\n<\/tr>\n<tr class=\"row-3\">\n\t<td class=\"column-1\">Spundek\u00e4se mit frischen Brezeln<\/td><td class=\"column-2\">Spundek\u00e4s mit frische Brezle<\/td><td class=\"column-3\">EUR 7,80<\/td>\n<\/tr>\n<tr class=\"row-4\">\n\t<td class=\"column-1\">R\u00fchreier mit Blutwurst<\/td><td class=\"column-2\">Rhoihesse-Pizza<\/td><td class=\"column-3\">EUR 7,50<\/td>\n<\/tr>\n<tr class=\"row-5\">\n\t<td class=\"column-1\">Strammer Max<\/td><td class=\"column-2\">Berscht\u00e4dter Brot<\/td><td class=\"column-3\">EUR 8,90<\/td>\n<\/tr>\n<\/tbody>\n<\/table>\n<span id=\"tablepress-1-description\" class=\"tablepress-table-description tablepress-table-description-id-1\">Keine Kartenzahlung m\u00f6glich<br \/>\n<\/span>\n<!-- #tablepress-1 from cache -->\n","protected":false},"excerpt":{"rendered":"<p>So leer wie auf dem Bild ist es selten. Gerne reservieren wir Ihnen ein Pl\u00e4tzchen unter 06241 23500.<\/p>\n","protected":false},"author":1,"featured_media":57,"parent":0,"menu_order":0,"comment_status":"closed","ping_status":"closed","template":"","meta":{"footnotes":""},"class_list":["post-15","page","type-page","status-publish","has-post-thumbnail","hentry"],"_links":{"self":[{"href":"https:\/\/weinhausweis.de\/index.php?rest_route=\/wp\/v2\/pages\/15","targetHints":{"allow":["GET"]}}],"collection":[{"href":"https:\/\/weinhausweis.de\/index.php?rest_route=\/wp\/v2\/pages"}],"about":[{"href":"https:\/\/weinhausweis.de\/index.php?rest_route=\/wp\/v2\/types\/page"}],"author":[{"embeddable":true,"href":"https:\/\/weinhausweis.de\/index.php?rest_route=\/wp\/v2\/users\/1"}],"replies":[{"embeddable":true,"href":"https:\/\/weinhausweis.de\/index.php?rest_route=%2Fwp%2Fv2%2Fcomments&post=15"}],"version-history":[{"count":3,"href":"https:\/\/weinhausweis.de\/index.php?rest_route=\/wp\/v2\/pages\/15\/revisions"}],"predecessor-version":[{"id":74,"href":"https:\/\/weinhausweis.de\/index.php?rest_route=\/wp\/v2\/pages\/15\/revisions\/74"}],"wp:featuredmedia":[{"embeddable":true,"href":"https:\/\/weinhausweis.de\/index.php?rest_route=\/wp\/v2\/media\/57"}],"wp:attachment":[{"href":"https:\/\/weinhausweis.de\/index.php?rest_route=%2Fwp%2Fv2%2Fmedia&parent=15"}],"curies":[{"name":"wp","href":"https:\/\/api.w.org\/{rel}","templated":true}]}}