{"id":51,"date":"2018-03-27T15:01:55","date_gmt":"2018-03-27T15:01:55","guid":{"rendered":"https:\/\/weinhausweis.de\/?page_id=51"},"modified":"2025-10-14T10:18:07","modified_gmt":"2025-10-14T10:18:07","slug":"oeffnungszeiten-und-anfahrt-2","status":"publish","type":"page","link":"https:\/\/weinhausweis.de\/?page_id=51","title":{"rendered":"\u00d6ffnungszeiten und Anfahrt"},"content":{"rendered":"<p>Sie finden uns in der Wormser Innenstadt<\/p>\n<a href=\"https:\/\/weinhausweis.de\/wp-content\/uploads\/2018\/03\/innenstadtplanm.pdf\" class=\"pdfemb-viewer\" style=\"\" data-width=\"max\" data-height=\"max\" data-toolbar=\"bottom\" data-toolbar-fixed=\"off\">innenstadtplanm<\/a>\n<p><strong>unsere \u00d6ffnungszeiten:<\/strong><\/p>\n<p>Dienstag bis Freitag von 17.00 Uhr bis 23.00 Uhr (K\u00fcche bis 22.00 Uhr, ab 21.00 Uhr kleine Karte)<br \/>\nSamstag von 10.00 Uhr bis 14.00 Uhr (K\u00fcche bis 13.00 Uhr)<\/p>\n<p><strong>Sonntag, Montag und Feiertage sind Ruhetage<\/strong><\/p>\n<p>&nbsp;<\/p>\n","protected":false},"excerpt":{"rendered":"<p>Sie finden uns in der Wormser Innenstadt unsere \u00d6ffnungszeiten: Dienstag bis Freitag von 17.00 Uhr bis 23.00 Uhr (K\u00fcche bis 22.00 Uhr, ab 21.00 Uhr kleine Karte) Samstag von 10.00 Uhr bis 14.00 Uhr (K\u00fcche bis 13.00 Uhr) Sonntag, Montag und Feiertage sind Ruhetage &nbsp;<\/p>\n","protected":false},"author":1,"featured_media":40,"parent":0,"menu_order":0,"comment_status":"closed","ping_status":"closed","template":"","meta":{"footnotes":""},"class_list":["post-51","page","type-page","status-publish","has-post-thumbnail","hentry"],"_links":{"self":[{"href":"https:\/\/weinhausweis.de\/index.php?rest_route=\/wp\/v2\/pages\/51","targetHints":{"allow":["GET"]}}],"collection":[{"href":"https:\/\/weinhausweis.de\/index.php?rest_route=\/wp\/v2\/pages"}],"about":[{"href":"https:\/\/weinhausweis.de\/index.php?rest_route=\/wp\/v2\/types\/page"}],"author":[{"embeddable":true,"href":"https:\/\/weinhausweis.de\/index.php?rest_route=\/wp\/v2\/users\/1"}],"replies":[{"embeddable":true,"href":"https:\/\/weinhausweis.de\/index.php?rest_route=%2Fwp%2Fv2%2Fcomments&post=51"}],"version-history":[{"count":16,"href":"https:\/\/weinhausweis.de\/index.php?rest_route=\/wp\/v2\/pages\/51\/revisions"}],"predecessor-version":[{"id":258,"href":"https:\/\/weinhausweis.de\/index.php?rest_route=\/wp\/v2\/pages\/51\/revisions\/258"}],"wp:featuredmedia":[{"embeddable":true,"href":"https:\/\/weinhausweis.de\/index.php?rest_route=\/wp\/v2\/media\/40"}],"wp:attachment":[{"href":"https:\/\/weinhausweis.de\/index.php?rest_route=%2Fwp%2Fv2%2Fmedia&parent=51"}],"curies":[{"name":"wp","href":"https:\/\/api.w.org\/{rel}","templated":true}]}}