{"id":8,"date":"2018-03-27T13:58:10","date_gmt":"2018-03-27T13:58:10","guid":{"rendered":"https:\/\/weinhausweis.de\/?page_id=8"},"modified":"2018-08-07T05:47:22","modified_gmt":"2018-08-07T05:47:22","slug":"ueber-mich","status":"publish","type":"page","link":"https:\/\/weinhausweis.de\/?page_id=8","title":{"rendered":"Impressum"},"content":{"rendered":"<p><strong>Inhaberin:<\/strong><\/p>\n<p>Mechthild Vogel<br \/>\nF\u00e4rbergasse 19<br \/>\n67547 Worms<\/p>\n<p>Tel.: +49 6241 23500<\/p>\n<p>info@weinhausweis.de<\/p>\n<p><a href=\"https:\/\/weinhausweis.de\/?page_id=91\">Disclaimer<\/a><\/p>\n<p><a href=\"http:\/\/weinhausweis.de\/?page_id=93\">Datenschutzerkl\u00e4rung<\/a><\/p>\n<p>Die Europ\u00e4ische Kommission stellt eine <a href=\"https:\/\/ec.europa.eu\/consumers\/odr\/\">Plattform zur Online-Streitbeilegung (OS)<\/a> bereit.<\/p>\n","protected":false},"excerpt":{"rendered":"<p>Inhaberin: Mechthild Vogel F\u00e4rbergasse 19 67547 Worms Tel.: +49 6241 23500 info@weinhausweis.de Disclaimer Datenschutzerkl\u00e4rung Die Europ\u00e4ische Kommission stellt eine Plattform zur Online-Streitbeilegung (OS) bereit.<\/p>\n","protected":false},"author":1,"featured_media":67,"parent":0,"menu_order":0,"comment_status":"closed","ping_status":"closed","template":"","meta":{"footnotes":""},"class_list":["post-8","page","type-page","status-publish","has-post-thumbnail","hentry"],"_links":{"self":[{"href":"https:\/\/weinhausweis.de\/index.php?rest_route=\/wp\/v2\/pages\/8","targetHints":{"allow":["GET"]}}],"collection":[{"href":"https:\/\/weinhausweis.de\/index.php?rest_route=\/wp\/v2\/pages"}],"about":[{"href":"https:\/\/weinhausweis.de\/index.php?rest_route=\/wp\/v2\/types\/page"}],"author":[{"embeddable":true,"href":"https:\/\/weinhausweis.de\/index.php?rest_route=\/wp\/v2\/users\/1"}],"replies":[{"embeddable":true,"href":"https:\/\/weinhausweis.de\/index.php?rest_route=%2Fwp%2Fv2%2Fcomments&post=8"}],"version-history":[{"count":8,"href":"https:\/\/weinhausweis.de\/index.php?rest_route=\/wp\/v2\/pages\/8\/revisions"}],"predecessor-version":[{"id":111,"href":"https:\/\/weinhausweis.de\/index.php?rest_route=\/wp\/v2\/pages\/8\/revisions\/111"}],"wp:featuredmedia":[{"embeddable":true,"href":"https:\/\/weinhausweis.de\/index.php?rest_route=\/wp\/v2\/media\/67"}],"wp:attachment":[{"href":"https:\/\/weinhausweis.de\/index.php?rest_route=%2Fwp%2Fv2%2Fmedia&parent=8"}],"curies":[{"name":"wp","href":"https:\/\/api.w.org\/{rel}","templated":true}]}}